{"id":342,"date":"2017-11-17T08:09:18","date_gmt":"2017-11-17T07:09:18","guid":{"rendered":"http:\/\/www.brennerei-feller.de\/shop\/?post_type=product&#038;p=342"},"modified":"2026-02-23T15:07:35","modified_gmt":"2026-02-23T14:07:35","slug":"wildbirnenbrand-zum-christbaumloben","status":"publish","type":"product","link":"https:\/\/www.brennerei-feller.de\/shop\/produkt\/wildbirnenbrand-zum-christbaumloben\/","title":{"rendered":"Wildbirne zum Christbaumloben"},"content":{"rendered":"<p>Etwas ganz Besonderes zur Weihnachtszeit, speziell f\u00fcr Ihre G\u00e4ste oder auch als Geschenk:<br \/>\nFeiner Brand aus Wildbirnen von der eigenen Streuobstwiese.<br \/>\nWunderbar ausgepr\u00e4gtes herbes Birnenaroma untermalt von einer s\u00fc\u00dfen Note.<br \/>\nBesonderheit: die Birnenb\u00e4ume sind bereits \u00fcber 100 Jahre alt und bieten daher ganz besondere Fr\u00fcchte.<br \/>\nNur in der Winterzeit erh\u00e4ltlich!<\/p>\n<p>Alkoholvolumen: 40 %<\/p>\n","protected":false},"excerpt":{"rendered":"<p>0,2l = 12,95\u20ac (6,47\u20ac\/100ml)<br \/>\n0,5l = 19,95\u20ac (39,90\u20ac\/1L)<\/p>\n<p>Lieferzeit: Sofort lieferbar<\/p>\n","protected":false},"featured_media":1919,"comment_status":"closed","ping_status":"closed","template":"","meta":{"_et_pb_use_builder":"on","_et_pb_old_content":"Etwas ganz Besonderes zur Weihnachtszeit, speziell f\u00fcr Ihre G\u00e4ste oder auch als Geschenk:\r\nFeiner Brand aus Wildbirnen von der eigenen Streuobstwiese.\r\nWunderbar ausgepr\u00e4gtes herbes Birnenaroma untermalt von einer s\u00fc\u00dfen Note.\r\nBesonderheit: die Birnenb\u00e4ume sind bereits \u00fcber 100 Jahre alt und bieten daher ganz besondere Fr\u00fcchte.\r\nNur in der Winterzeit erh\u00e4ltlich!\r\n\r\nAlkoholvolumen: 40 %","_et_gb_content_width":""},"product_brand":[],"product_cat":[34],"product_tag":[],"class_list":{"0":"post-342","1":"product","2":"type-product","3":"status-publish","4":"has-post-thumbnail","6":"product_cat-christbaumloben-produkte","8":"first","9":"instock","10":"taxable","11":"shipping-taxable","12":"purchasable","13":"product-type-variable"},"yoast_head":"<!-- This site is optimized with the Yoast SEO plugin v25.1 - https:\/\/yoast.com\/wordpress\/plugins\/seo\/ -->\n<title>Wildbirne zum Christbaumloben | Brennerei Feller<\/title>\n<meta name=\"robots\" content=\"index, follow, max-snippet:-1, max-image-preview:large, max-video-preview:-1\" \/>\n<link rel=\"canonical\" href=\"https:\/\/www.brennerei-feller.de\/shop\/produkt\/wildbirnenbrand-zum-christbaumloben\/\" \/>\n<meta property=\"og:locale\" content=\"de_DE\" \/>\n<meta property=\"og:type\" content=\"article\" \/>\n<meta property=\"og:title\" content=\"Wildbirne zum Christbaumloben | Brennerei Feller\" \/>\n<meta property=\"og:description\" content=\"0,2l = 12,95\u20ac (6,47\u20ac\/100ml) 0,5l = 19,95\u20ac (39,90\u20ac\/1L)  Lieferzeit: Sofort lieferbar\" \/>\n<meta property=\"og:url\" content=\"https:\/\/www.brennerei-feller.de\/shop\/produkt\/wildbirnenbrand-zum-christbaumloben\/\" \/>\n<meta property=\"og:site_name\" content=\"Brennerei Feller\" \/>\n<meta property=\"article:modified_time\" content=\"2026-02-23T14:07:35+00:00\" \/>\n<meta property=\"og:image\" content=\"https:\/\/www.brennerei-feller.de\/shop\/wp-content\/uploads\/2020\/04\/sh_sp_birne_gr.jpg\" \/>\n\t<meta property=\"og:image:width\" content=\"500\" \/>\n\t<meta property=\"og:image:height\" content=\"500\" \/>\n\t<meta property=\"og:image:type\" content=\"image\/jpeg\" \/>\n<meta name=\"twitter:card\" content=\"summary_large_image\" \/>\n<meta name=\"twitter:label1\" content=\"Gesch\u00e4tzte Lesezeit\" \/>\n\t<meta name=\"twitter:data1\" content=\"1\u00a0Minute\" \/>\n<script type=\"application\/ld+json\" class=\"yoast-schema-graph\">{\"@context\":\"https:\/\/schema.org\",\"@graph\":[{\"@type\":\"WebPage\",\"@id\":\"https:\/\/www.brennerei-feller.de\/shop\/produkt\/wildbirnenbrand-zum-christbaumloben\/\",\"url\":\"https:\/\/www.brennerei-feller.de\/shop\/produkt\/wildbirnenbrand-zum-christbaumloben\/\",\"name\":\"Wildbirne zum Christbaumloben | Brennerei Feller\",\"isPartOf\":{\"@id\":\"https:\/\/www.brennerei-feller.de\/shop\/#website\"},\"primaryImageOfPage\":{\"@id\":\"https:\/\/www.brennerei-feller.de\/shop\/produkt\/wildbirnenbrand-zum-christbaumloben\/#primaryimage\"},\"image\":{\"@id\":\"https:\/\/www.brennerei-feller.de\/shop\/produkt\/wildbirnenbrand-zum-christbaumloben\/#primaryimage\"},\"thumbnailUrl\":\"https:\/\/www.brennerei-feller.de\/shop\/wp-content\/uploads\/2020\/04\/sh_sp_birne_gr.jpg\",\"datePublished\":\"2017-11-17T07:09:18+00:00\",\"dateModified\":\"2026-02-23T14:07:35+00:00\",\"breadcrumb\":{\"@id\":\"https:\/\/www.brennerei-feller.de\/shop\/produkt\/wildbirnenbrand-zum-christbaumloben\/#breadcrumb\"},\"inLanguage\":\"de\",\"potentialAction\":[{\"@type\":\"ReadAction\",\"target\":[\"https:\/\/www.brennerei-feller.de\/shop\/produkt\/wildbirnenbrand-zum-christbaumloben\/\"]}]},{\"@type\":\"ImageObject\",\"inLanguage\":\"de\",\"@id\":\"https:\/\/www.brennerei-feller.de\/shop\/produkt\/wildbirnenbrand-zum-christbaumloben\/#primaryimage\",\"url\":\"https:\/\/www.brennerei-feller.de\/shop\/wp-content\/uploads\/2020\/04\/sh_sp_birne_gr.jpg\",\"contentUrl\":\"https:\/\/www.brennerei-feller.de\/shop\/wp-content\/uploads\/2020\/04\/sh_sp_birne_gr.jpg\",\"width\":500,\"height\":500,\"caption\":\"Wild Birnen Brand zum Christbaumloben der Brennerei Feller\"},{\"@type\":\"BreadcrumbList\",\"@id\":\"https:\/\/www.brennerei-feller.de\/shop\/produkt\/wildbirnenbrand-zum-christbaumloben\/#breadcrumb\",\"itemListElement\":[{\"@type\":\"ListItem\",\"position\":1,\"name\":\"Startseite\",\"item\":\"https:\/\/www.brennerei-feller.de\/shop\/\"},{\"@type\":\"ListItem\",\"position\":2,\"name\":\"Shop\",\"item\":\"https:\/\/www.brennerei-feller.de\/shop\/\"},{\"@type\":\"ListItem\",\"position\":3,\"name\":\"Wildbirne zum Christbaumloben\"}]},{\"@type\":\"WebSite\",\"@id\":\"https:\/\/www.brennerei-feller.de\/shop\/#website\",\"url\":\"https:\/\/www.brennerei-feller.de\/shop\/\",\"name\":\"Brennerei Feller\",\"description\":\"Shop\",\"publisher\":{\"@id\":\"https:\/\/www.brennerei-feller.de\/shop\/#organization\"},\"potentialAction\":[{\"@type\":\"SearchAction\",\"target\":{\"@type\":\"EntryPoint\",\"urlTemplate\":\"https:\/\/www.brennerei-feller.de\/shop\/?s={search_term_string}\"},\"query-input\":{\"@type\":\"PropertyValueSpecification\",\"valueRequired\":true,\"valueName\":\"search_term_string\"}}],\"inLanguage\":\"de\"},{\"@type\":\"Organization\",\"@id\":\"https:\/\/www.brennerei-feller.de\/shop\/#organization\",\"name\":\"Brennerei Feller\",\"url\":\"https:\/\/www.brennerei-feller.de\/shop\/\",\"logo\":{\"@type\":\"ImageObject\",\"inLanguage\":\"de\",\"@id\":\"https:\/\/www.brennerei-feller.de\/shop\/#\/schema\/logo\/image\/\",\"url\":\"https:\/\/www.brennerei-feller.de\/shop\/wp-content\/uploads\/2017\/10\/logo_feller_mail.jpg\",\"contentUrl\":\"https:\/\/www.brennerei-feller.de\/shop\/wp-content\/uploads\/2017\/10\/logo_feller_mail.jpg\",\"width\":142,\"height\":85,\"caption\":\"Brennerei Feller\"},\"image\":{\"@id\":\"https:\/\/www.brennerei-feller.de\/shop\/#\/schema\/logo\/image\/\"}}]}<\/script>\n<!-- \/ Yoast SEO plugin. -->","yoast_head_json":{"title":"Wildbirne zum Christbaumloben | Brennerei Feller","robots":{"index":"index","follow":"follow","max-snippet":"max-snippet:-1","max-image-preview":"max-image-preview:large","max-video-preview":"max-video-preview:-1"},"canonical":"https:\/\/www.brennerei-feller.de\/shop\/produkt\/wildbirnenbrand-zum-christbaumloben\/","og_locale":"de_DE","og_type":"article","og_title":"Wildbirne zum Christbaumloben | Brennerei Feller","og_description":"0,2l = 12,95\u20ac (6,47\u20ac\/100ml) 0,5l = 19,95\u20ac (39,90\u20ac\/1L)  Lieferzeit: Sofort lieferbar","og_url":"https:\/\/www.brennerei-feller.de\/shop\/produkt\/wildbirnenbrand-zum-christbaumloben\/","og_site_name":"Brennerei Feller","article_modified_time":"2026-02-23T14:07:35+00:00","og_image":[{"width":500,"height":500,"url":"https:\/\/www.brennerei-feller.de\/shop\/wp-content\/uploads\/2020\/04\/sh_sp_birne_gr.jpg","type":"image\/jpeg"}],"twitter_card":"summary_large_image","twitter_misc":{"Gesch\u00e4tzte Lesezeit":"1\u00a0Minute"},"schema":{"@context":"https:\/\/schema.org","@graph":[{"@type":"WebPage","@id":"https:\/\/www.brennerei-feller.de\/shop\/produkt\/wildbirnenbrand-zum-christbaumloben\/","url":"https:\/\/www.brennerei-feller.de\/shop\/produkt\/wildbirnenbrand-zum-christbaumloben\/","name":"Wildbirne zum Christbaumloben | Brennerei Feller","isPartOf":{"@id":"https:\/\/www.brennerei-feller.de\/shop\/#website"},"primaryImageOfPage":{"@id":"https:\/\/www.brennerei-feller.de\/shop\/produkt\/wildbirnenbrand-zum-christbaumloben\/#primaryimage"},"image":{"@id":"https:\/\/www.brennerei-feller.de\/shop\/produkt\/wildbirnenbrand-zum-christbaumloben\/#primaryimage"},"thumbnailUrl":"https:\/\/www.brennerei-feller.de\/shop\/wp-content\/uploads\/2020\/04\/sh_sp_birne_gr.jpg","datePublished":"2017-11-17T07:09:18+00:00","dateModified":"2026-02-23T14:07:35+00:00","breadcrumb":{"@id":"https:\/\/www.brennerei-feller.de\/shop\/produkt\/wildbirnenbrand-zum-christbaumloben\/#breadcrumb"},"inLanguage":"de","potentialAction":[{"@type":"ReadAction","target":["https:\/\/www.brennerei-feller.de\/shop\/produkt\/wildbirnenbrand-zum-christbaumloben\/"]}]},{"@type":"ImageObject","inLanguage":"de","@id":"https:\/\/www.brennerei-feller.de\/shop\/produkt\/wildbirnenbrand-zum-christbaumloben\/#primaryimage","url":"https:\/\/www.brennerei-feller.de\/shop\/wp-content\/uploads\/2020\/04\/sh_sp_birne_gr.jpg","contentUrl":"https:\/\/www.brennerei-feller.de\/shop\/wp-content\/uploads\/2020\/04\/sh_sp_birne_gr.jpg","width":500,"height":500,"caption":"Wild Birnen Brand zum Christbaumloben der Brennerei Feller"},{"@type":"BreadcrumbList","@id":"https:\/\/www.brennerei-feller.de\/shop\/produkt\/wildbirnenbrand-zum-christbaumloben\/#breadcrumb","itemListElement":[{"@type":"ListItem","position":1,"name":"Startseite","item":"https:\/\/www.brennerei-feller.de\/shop\/"},{"@type":"ListItem","position":2,"name":"Shop","item":"https:\/\/www.brennerei-feller.de\/shop\/"},{"@type":"ListItem","position":3,"name":"Wildbirne zum Christbaumloben"}]},{"@type":"WebSite","@id":"https:\/\/www.brennerei-feller.de\/shop\/#website","url":"https:\/\/www.brennerei-feller.de\/shop\/","name":"Brennerei Feller","description":"Shop","publisher":{"@id":"https:\/\/www.brennerei-feller.de\/shop\/#organization"},"potentialAction":[{"@type":"SearchAction","target":{"@type":"EntryPoint","urlTemplate":"https:\/\/www.brennerei-feller.de\/shop\/?s={search_term_string}"},"query-input":{"@type":"PropertyValueSpecification","valueRequired":true,"valueName":"search_term_string"}}],"inLanguage":"de"},{"@type":"Organization","@id":"https:\/\/www.brennerei-feller.de\/shop\/#organization","name":"Brennerei Feller","url":"https:\/\/www.brennerei-feller.de\/shop\/","logo":{"@type":"ImageObject","inLanguage":"de","@id":"https:\/\/www.brennerei-feller.de\/shop\/#\/schema\/logo\/image\/","url":"https:\/\/www.brennerei-feller.de\/shop\/wp-content\/uploads\/2017\/10\/logo_feller_mail.jpg","contentUrl":"https:\/\/www.brennerei-feller.de\/shop\/wp-content\/uploads\/2017\/10\/logo_feller_mail.jpg","width":142,"height":85,"caption":"Brennerei Feller"},"image":{"@id":"https:\/\/www.brennerei-feller.de\/shop\/#\/schema\/logo\/image\/"}}]}},"_links":{"self":[{"href":"https:\/\/www.brennerei-feller.de\/shop\/wp-json\/wp\/v2\/product\/342","targetHints":{"allow":["GET"]}}],"collection":[{"href":"https:\/\/www.brennerei-feller.de\/shop\/wp-json\/wp\/v2\/product"}],"about":[{"href":"https:\/\/www.brennerei-feller.de\/shop\/wp-json\/wp\/v2\/types\/product"}],"replies":[{"embeddable":true,"href":"https:\/\/www.brennerei-feller.de\/shop\/wp-json\/wp\/v2\/comments?post=342"}],"wp:featuredmedia":[{"embeddable":true,"href":"https:\/\/www.brennerei-feller.de\/shop\/wp-json\/wp\/v2\/media\/1919"}],"wp:attachment":[{"href":"https:\/\/www.brennerei-feller.de\/shop\/wp-json\/wp\/v2\/media?parent=342"}],"wp:term":[{"taxonomy":"product_brand","embeddable":true,"href":"https:\/\/www.brennerei-feller.de\/shop\/wp-json\/wp\/v2\/product_brand?post=342"},{"taxonomy":"product_cat","embeddable":true,"href":"https:\/\/www.brennerei-feller.de\/shop\/wp-json\/wp\/v2\/product_cat?post=342"},{"taxonomy":"product_tag","embeddable":true,"href":"https:\/\/www.brennerei-feller.de\/shop\/wp-json\/wp\/v2\/product_tag?post=342"}],"curies":[{"name":"wp","href":"https:\/\/api.w.org\/{rel}","templated":true}]}}