{"id":45,"date":"2017-10-09T16:17:39","date_gmt":"2017-10-09T14:17:39","guid":{"rendered":"http:\/\/www.brennerei-feller.de\/shop\/bezahlmoeglichkeiten\/"},"modified":"2025-06-30T15:37:11","modified_gmt":"2025-06-30T13:37:11","slug":"bezahlmoeglichkeiten","status":"publish","type":"page","link":"https:\/\/www.brennerei-feller.de\/shop\/bezahlmoeglichkeiten\/","title":{"rendered":"Preise und Zahlungsm\u00f6glichkeiten"},"content":{"rendered":"<p><strong>Preise<\/strong><\/p>\n<p>Unsere Preise sind Endpreise inkl. der gesetzlichen Mehrwertsteuer.<\/p>\n<p>&nbsp;<\/p>\n<p><strong>Zahlungsarten<\/strong><\/p>\n<p>Sie k\u00f6nnen aus folgenden Zahlungsarten w\u00e4hlen:<\/p>\n<p><strong>Vorkasse<\/strong><\/p>\n<p>Nach erfolgreicher Bestellung erhalten Sie eine Best\u00e4tigung, der Sie den Endpreis sowie unsere Bankverbindung f\u00fcr die \u00dcberweisung entnehmen k\u00f6nnen.<\/p>\n<p>Die Ware wird nach Eingang Ihrer Zahlung versandt.<\/p>\n<p>Bitte \u00fcberweisen Sie den Gesamtbetrag Ihrer Bestellung auf unser Konto:<\/p>\n<p>Kontoinhaber: Feller KG<br \/>\nKontonummer: 528 5370 08<br \/>\nBLZ: 630 910 10<br \/>\nIBAN: DE17 6309 1010 0528 5370 08<br \/>\nBIC: GENODES1EHI<br \/>\nDonau-Iller-Bank eG<\/p>\n<p>&nbsp;<\/p>\n<p><strong>PayPal<\/strong><\/p>\n<p>Zahlungen per PayPal Konto sind einfach und schnell. Ihr zeitlicher Vorteil: Unmittelbar nach Erhalt der Zahlungsbest\u00e4tigung verschicken wir die von Ihnen bestellte Ware.<\/p>\n<p>PayPal \u00dcberweisungen richten Sie bitte an: info@brennerei-feller.de<\/p>\n","protected":false},"excerpt":{"rendered":"<p>Preise Unsere Preise sind Endpreise inkl. der gesetzlichen Mehrwertsteuer. &nbsp; Zahlungsarten Sie k\u00f6nnen aus folgenden Zahlungsarten w\u00e4hlen: Vorkasse Nach erfolgreicher Bestellung erhalten Sie eine Best\u00e4tigung, der Sie den Endpreis sowie unsere Bankverbindung f\u00fcr die \u00dcberweisung entnehmen k\u00f6nnen. Die Ware wird nach Eingang Ihrer Zahlung versandt. Bitte \u00fcberweisen Sie den Gesamtbetrag Ihrer Bestellung auf unser Konto: [&hellip;]<\/p>\n","protected":false},"author":1,"featured_media":0,"parent":0,"menu_order":0,"comment_status":"closed","ping_status":"closed","template":"","meta":{"_et_pb_use_builder":"on","_et_pb_old_content":"<strong>Preise<\/strong>\r\n\r\nUnsere Preise sind Endpreise inkl. der gesetzlichen Mehrwertsteuer.\r\n\r\n&nbsp;\r\n\r\n<strong>Zahlungsarten<\/strong>\r\n\r\nSie k\u00f6nnen aus folgenden Zahlungsarten w\u00e4hlen:\r\n\r\n<strong>Vorkasse<\/strong>\r\n\r\nNach erfolgreicher Bestellung erhalten Sie eine Best\u00e4tigung, der Sie den Endpreis sowie unsere Bankverbindung f\u00fcr die \u00dcberweisung entnehmen k\u00f6nnen.\r\n\r\nDie Ware wird nach Eingang Ihrer Zahlung versandt.\r\n\r\nBitte \u00fcberweisen Sie den Gesamtbetrag Ihrer Bestellung auf unser Konto:\r\n\r\nKontoinhaber: Feller KG\r\nKontonummer: 528 5370 08\r\nBLZ: 630 910 10\r\nIBAN: DE17 6309 1010 0528 5370 08\r\nBIC: GENODES1EHI\r\nDonau-Iller-Bank eG\r\n\r\n&nbsp;\r\n\r\n<strong>PayPal<\/strong>\r\n\r\nZahlungen per PayPal Konto sind einfach und schnell. Ihr zeitlicher Vorteil: Unmittelbar nach Erhalt der Zahlungsbest\u00e4tigung verschicken wir die von Ihnen bestellte Ware.\r\n\r\nPayPal \u00dcberweisungen richten Sie bitte an: info@brennerei-feller.de","_et_gb_content_width":"","footnotes":""},"class_list":["post-45","page","type-page","status-publish","hentry"],"yoast_head":"<!-- This site is optimized with the Yoast SEO plugin v25.1 - https:\/\/yoast.com\/wordpress\/plugins\/seo\/ -->\n<title>Preise und Zahlungsm\u00f6glichkeiten | Brennerei Feller<\/title>\n<meta name=\"robots\" content=\"index, follow, max-snippet:-1, max-image-preview:large, max-video-preview:-1\" \/>\n<link rel=\"canonical\" href=\"https:\/\/www.brennerei-feller.de\/shop\/bezahlmoeglichkeiten\/\" \/>\n<meta property=\"og:locale\" content=\"de_DE\" \/>\n<meta property=\"og:type\" content=\"article\" \/>\n<meta property=\"og:title\" content=\"Preise und Zahlungsm\u00f6glichkeiten | Brennerei Feller\" \/>\n<meta property=\"og:description\" content=\"Preise Unsere Preise sind Endpreise inkl. der gesetzlichen Mehrwertsteuer. &nbsp; Zahlungsarten Sie k\u00f6nnen aus folgenden Zahlungsarten w\u00e4hlen: Vorkasse Nach erfolgreicher Bestellung erhalten Sie eine Best\u00e4tigung, der Sie den Endpreis sowie unsere Bankverbindung f\u00fcr die \u00dcberweisung entnehmen k\u00f6nnen. Die Ware wird nach Eingang Ihrer Zahlung versandt. Bitte \u00fcberweisen Sie den Gesamtbetrag Ihrer Bestellung auf unser Konto: [&hellip;]\" \/>\n<meta property=\"og:url\" content=\"https:\/\/www.brennerei-feller.de\/shop\/bezahlmoeglichkeiten\/\" \/>\n<meta property=\"og:site_name\" content=\"Brennerei Feller\" \/>\n<meta property=\"article:modified_time\" content=\"2025-06-30T13:37:11+00:00\" \/>\n<meta name=\"twitter:card\" content=\"summary_large_image\" \/>\n<meta name=\"twitter:label1\" content=\"Gesch\u00e4tzte Lesezeit\" \/>\n\t<meta name=\"twitter:data1\" content=\"1\u00a0Minute\" \/>\n<script type=\"application\/ld+json\" class=\"yoast-schema-graph\">{\"@context\":\"https:\/\/schema.org\",\"@graph\":[{\"@type\":\"WebPage\",\"@id\":\"https:\/\/www.brennerei-feller.de\/shop\/bezahlmoeglichkeiten\/\",\"url\":\"https:\/\/www.brennerei-feller.de\/shop\/bezahlmoeglichkeiten\/\",\"name\":\"Preise und Zahlungsm\u00f6glichkeiten | Brennerei Feller\",\"isPartOf\":{\"@id\":\"https:\/\/www.brennerei-feller.de\/shop\/#website\"},\"datePublished\":\"2017-10-09T14:17:39+00:00\",\"dateModified\":\"2025-06-30T13:37:11+00:00\",\"breadcrumb\":{\"@id\":\"https:\/\/www.brennerei-feller.de\/shop\/bezahlmoeglichkeiten\/#breadcrumb\"},\"inLanguage\":\"de\",\"potentialAction\":[{\"@type\":\"ReadAction\",\"target\":[\"https:\/\/www.brennerei-feller.de\/shop\/bezahlmoeglichkeiten\/\"]}]},{\"@type\":\"BreadcrumbList\",\"@id\":\"https:\/\/www.brennerei-feller.de\/shop\/bezahlmoeglichkeiten\/#breadcrumb\",\"itemListElement\":[{\"@type\":\"ListItem\",\"position\":1,\"name\":\"Startseite\",\"item\":\"https:\/\/www.brennerei-feller.de\/shop\/\"},{\"@type\":\"ListItem\",\"position\":2,\"name\":\"Preise und Zahlungsm\u00f6glichkeiten\"}]},{\"@type\":\"WebSite\",\"@id\":\"https:\/\/www.brennerei-feller.de\/shop\/#website\",\"url\":\"https:\/\/www.brennerei-feller.de\/shop\/\",\"name\":\"Brennerei Feller\",\"description\":\"Shop\",\"publisher\":{\"@id\":\"https:\/\/www.brennerei-feller.de\/shop\/#organization\"},\"potentialAction\":[{\"@type\":\"SearchAction\",\"target\":{\"@type\":\"EntryPoint\",\"urlTemplate\":\"https:\/\/www.brennerei-feller.de\/shop\/?s={search_term_string}\"},\"query-input\":{\"@type\":\"PropertyValueSpecification\",\"valueRequired\":true,\"valueName\":\"search_term_string\"}}],\"inLanguage\":\"de\"},{\"@type\":\"Organization\",\"@id\":\"https:\/\/www.brennerei-feller.de\/shop\/#organization\",\"name\":\"Brennerei Feller\",\"url\":\"https:\/\/www.brennerei-feller.de\/shop\/\",\"logo\":{\"@type\":\"ImageObject\",\"inLanguage\":\"de\",\"@id\":\"https:\/\/www.brennerei-feller.de\/shop\/#\/schema\/logo\/image\/\",\"url\":\"https:\/\/www.brennerei-feller.de\/shop\/wp-content\/uploads\/2017\/10\/logo_feller_mail.jpg\",\"contentUrl\":\"https:\/\/www.brennerei-feller.de\/shop\/wp-content\/uploads\/2017\/10\/logo_feller_mail.jpg\",\"width\":142,\"height\":85,\"caption\":\"Brennerei Feller\"},\"image\":{\"@id\":\"https:\/\/www.brennerei-feller.de\/shop\/#\/schema\/logo\/image\/\"}}]}<\/script>\n<!-- \/ Yoast SEO plugin. -->","yoast_head_json":{"title":"Preise und Zahlungsm\u00f6glichkeiten | Brennerei Feller","robots":{"index":"index","follow":"follow","max-snippet":"max-snippet:-1","max-image-preview":"max-image-preview:large","max-video-preview":"max-video-preview:-1"},"canonical":"https:\/\/www.brennerei-feller.de\/shop\/bezahlmoeglichkeiten\/","og_locale":"de_DE","og_type":"article","og_title":"Preise und Zahlungsm\u00f6glichkeiten | Brennerei Feller","og_description":"Preise Unsere Preise sind Endpreise inkl. der gesetzlichen Mehrwertsteuer. &nbsp; Zahlungsarten Sie k\u00f6nnen aus folgenden Zahlungsarten w\u00e4hlen: Vorkasse Nach erfolgreicher Bestellung erhalten Sie eine Best\u00e4tigung, der Sie den Endpreis sowie unsere Bankverbindung f\u00fcr die \u00dcberweisung entnehmen k\u00f6nnen. Die Ware wird nach Eingang Ihrer Zahlung versandt. Bitte \u00fcberweisen Sie den Gesamtbetrag Ihrer Bestellung auf unser Konto: [&hellip;]","og_url":"https:\/\/www.brennerei-feller.de\/shop\/bezahlmoeglichkeiten\/","og_site_name":"Brennerei Feller","article_modified_time":"2025-06-30T13:37:11+00:00","twitter_card":"summary_large_image","twitter_misc":{"Gesch\u00e4tzte Lesezeit":"1\u00a0Minute"},"schema":{"@context":"https:\/\/schema.org","@graph":[{"@type":"WebPage","@id":"https:\/\/www.brennerei-feller.de\/shop\/bezahlmoeglichkeiten\/","url":"https:\/\/www.brennerei-feller.de\/shop\/bezahlmoeglichkeiten\/","name":"Preise und Zahlungsm\u00f6glichkeiten | Brennerei Feller","isPartOf":{"@id":"https:\/\/www.brennerei-feller.de\/shop\/#website"},"datePublished":"2017-10-09T14:17:39+00:00","dateModified":"2025-06-30T13:37:11+00:00","breadcrumb":{"@id":"https:\/\/www.brennerei-feller.de\/shop\/bezahlmoeglichkeiten\/#breadcrumb"},"inLanguage":"de","potentialAction":[{"@type":"ReadAction","target":["https:\/\/www.brennerei-feller.de\/shop\/bezahlmoeglichkeiten\/"]}]},{"@type":"BreadcrumbList","@id":"https:\/\/www.brennerei-feller.de\/shop\/bezahlmoeglichkeiten\/#breadcrumb","itemListElement":[{"@type":"ListItem","position":1,"name":"Startseite","item":"https:\/\/www.brennerei-feller.de\/shop\/"},{"@type":"ListItem","position":2,"name":"Preise und Zahlungsm\u00f6glichkeiten"}]},{"@type":"WebSite","@id":"https:\/\/www.brennerei-feller.de\/shop\/#website","url":"https:\/\/www.brennerei-feller.de\/shop\/","name":"Brennerei Feller","description":"Shop","publisher":{"@id":"https:\/\/www.brennerei-feller.de\/shop\/#organization"},"potentialAction":[{"@type":"SearchAction","target":{"@type":"EntryPoint","urlTemplate":"https:\/\/www.brennerei-feller.de\/shop\/?s={search_term_string}"},"query-input":{"@type":"PropertyValueSpecification","valueRequired":true,"valueName":"search_term_string"}}],"inLanguage":"de"},{"@type":"Organization","@id":"https:\/\/www.brennerei-feller.de\/shop\/#organization","name":"Brennerei Feller","url":"https:\/\/www.brennerei-feller.de\/shop\/","logo":{"@type":"ImageObject","inLanguage":"de","@id":"https:\/\/www.brennerei-feller.de\/shop\/#\/schema\/logo\/image\/","url":"https:\/\/www.brennerei-feller.de\/shop\/wp-content\/uploads\/2017\/10\/logo_feller_mail.jpg","contentUrl":"https:\/\/www.brennerei-feller.de\/shop\/wp-content\/uploads\/2017\/10\/logo_feller_mail.jpg","width":142,"height":85,"caption":"Brennerei Feller"},"image":{"@id":"https:\/\/www.brennerei-feller.de\/shop\/#\/schema\/logo\/image\/"}}]}},"_links":{"self":[{"href":"https:\/\/www.brennerei-feller.de\/shop\/wp-json\/wp\/v2\/pages\/45","targetHints":{"allow":["GET"]}}],"collection":[{"href":"https:\/\/www.brennerei-feller.de\/shop\/wp-json\/wp\/v2\/pages"}],"about":[{"href":"https:\/\/www.brennerei-feller.de\/shop\/wp-json\/wp\/v2\/types\/page"}],"author":[{"embeddable":true,"href":"https:\/\/www.brennerei-feller.de\/shop\/wp-json\/wp\/v2\/users\/1"}],"replies":[{"embeddable":true,"href":"https:\/\/www.brennerei-feller.de\/shop\/wp-json\/wp\/v2\/comments?post=45"}],"version-history":[{"count":5,"href":"https:\/\/www.brennerei-feller.de\/shop\/wp-json\/wp\/v2\/pages\/45\/revisions"}],"predecessor-version":[{"id":105311,"href":"https:\/\/www.brennerei-feller.de\/shop\/wp-json\/wp\/v2\/pages\/45\/revisions\/105311"}],"wp:attachment":[{"href":"https:\/\/www.brennerei-feller.de\/shop\/wp-json\/wp\/v2\/media?parent=45"}],"curies":[{"name":"wp","href":"https:\/\/api.w.org\/{rel}","templated":true}]}}