{"id":445,"date":"2017-10-12T13:02:13","date_gmt":"2017-10-12T11:02:13","guid":{"rendered":"http:\/\/www.brennerei-feller.de\/shop\/?page_id=445"},"modified":"2017-10-12T14:31:27","modified_gmt":"2017-10-12T12:31:27","slug":"bestellvorgang","status":"publish","type":"page","link":"https:\/\/www.brennerei-feller.de\/shop\/bestellvorgang\/","title":{"rendered":"Bestellvorgang"},"content":{"rendered":"<p><em>1. Warenkorb<\/em><\/p>\n<p>W\u00e4hlen Sie die Produkte aus, die Sie bestellen m\u00f6chten, indem Sie den \u201cIn den Warenkorb\u201d Button anklicken. Dadurch wird Ihre Auswahl in den Warenkorb gelegt. Sie k\u00f6nnen diese Auswahl bis zum Absenden Ihrer Bestellung jederzeit \u00e4ndern, in dem Sie die Anzahl der Produkte \u00e4ndern, durch Anklicken des K\u00e4stchens \u201cEntfernen\u201d die Auswahl l\u00f6schen oder den Bestellvorgang abbrechen. Durch Anklicken des Buttons \u201cKasse\u201d gelangen Sie zum n\u00e4chsten Bestellschritt.<\/p>\n<p><em>2. Kasse<\/em><\/p>\n<p>Melden Sie sich bitte mit Ihrer eMail Adresse und Ihrem Passwort an falls Sie bereits ein Kundenkonto besitzen, ansonsten registrieren Sie sich bitte als neuer Kunde. Ihre Daten werden unter Beachtung der datenschutzrechtlichen Bestimmungen erhoben, verarbeitet und genutzt (Datenschutzhinweis). Eine anderweitige Verwendung oder Weitergabe an Dritte erfolgt nicht. Sind Sie bereits angemeldet, k\u00f6nnen Sie nun die Versandart ausw\u00e4hlen. Durch klicken des Buttons \u201cWeiter\u201d gelangen Sie zum n\u00e4chsten Bestellschritt.<\/p>\n<p><em>3. Rechnungsadresse pr\u00fcfen \/ Zahlungsweise ausw\u00e4hlen<\/em><\/p>\n<p>\u00fcberpr\u00fcfen Sie nun Ihre Rechnungsadresse. Durch Klicken des Buttons \u201cWeiter\u201d gelangen Sie zum n\u00e4chsten Bestellschritt.<\/p>\n<p><em>4. Versandadresse pr\u00fcfen \/ Versandart ausw\u00e4hlen<\/em><\/p>\n<p>\u00fcberpr\u00fcfen Sie nun Ihre Versandadresse. Durch Klicken des Buttons \u201cWeiter\u201d gelangen Sie zum n\u00e4chsten Bestellschritt.<\/p>\n<p><em>5. Bestellvorgang abschlie\u00dfen \/ AGB und Datenschutz<\/em><\/p>\n<p>Sie erhalten eine \u00fcbersicht Ihrer Bestellung: die ausgew\u00e4hlten Produkte, die Versand- und Rechnungsadresse und Ihre Kontaktdaten. \u00fcberpr\u00fcfen Sie, ob alle Angaben stimmen und lesen sich bitte die Allgemeinen Gesch\u00e4ftsbedingungen und die Widerrufsbelehrung aufmerksam durch. Sie k\u00f6nnen mit der Bestellung nur fortfahren, wenn Sie den AGB und der Datenschutzerkl\u00e4rung zustimmen (H\u00e4kchen setzen). Mit dem Anklicken des Buttons \u201cKaufen\u201d \u00fcbersenden Sie Ihre Bestellung an uns. Hiermit geben Sie ein rechtsverbindliches Angebot ab.<\/p>\n","protected":false},"excerpt":{"rendered":"<p>1. Warenkorb W\u00e4hlen Sie die Produkte aus, die Sie bestellen m\u00f6chten, indem Sie den \u201cIn den Warenkorb\u201d Button anklicken. Dadurch wird Ihre Auswahl in den Warenkorb gelegt. Sie k\u00f6nnen diese Auswahl bis zum Absenden Ihrer Bestellung jederzeit \u00e4ndern, in dem Sie die Anzahl der Produkte \u00e4ndern, durch Anklicken des K\u00e4stchens \u201cEntfernen\u201d die Auswahl l\u00f6schen oder [&hellip;]<\/p>\n","protected":false},"author":1,"featured_media":0,"parent":0,"menu_order":0,"comment_status":"closed","ping_status":"closed","template":"","meta":{"_et_pb_use_builder":"","_et_pb_old_content":"","_et_gb_content_width":"","footnotes":""},"class_list":["post-445","page","type-page","status-publish","hentry"],"yoast_head":"<!-- This site is optimized with the Yoast SEO plugin v25.1 - https:\/\/yoast.com\/wordpress\/plugins\/seo\/ -->\n<title>Bestellvorgang | Brennerei Feller<\/title>\n<meta name=\"robots\" content=\"index, follow, max-snippet:-1, max-image-preview:large, max-video-preview:-1\" \/>\n<link rel=\"canonical\" href=\"https:\/\/www.brennerei-feller.de\/shop\/bestellvorgang\/\" \/>\n<meta property=\"og:locale\" content=\"de_DE\" \/>\n<meta property=\"og:type\" content=\"article\" \/>\n<meta property=\"og:title\" content=\"Bestellvorgang | Brennerei Feller\" \/>\n<meta property=\"og:description\" content=\"1. Warenkorb W\u00e4hlen Sie die Produkte aus, die Sie bestellen m\u00f6chten, indem Sie den \u201cIn den Warenkorb\u201d Button anklicken. Dadurch wird Ihre Auswahl in den Warenkorb gelegt. Sie k\u00f6nnen diese Auswahl bis zum Absenden Ihrer Bestellung jederzeit \u00e4ndern, in dem Sie die Anzahl der Produkte \u00e4ndern, durch Anklicken des K\u00e4stchens \u201cEntfernen\u201d die Auswahl l\u00f6schen oder [&hellip;]\" \/>\n<meta property=\"og:url\" content=\"https:\/\/www.brennerei-feller.de\/shop\/bestellvorgang\/\" \/>\n<meta property=\"og:site_name\" content=\"Brennerei Feller\" \/>\n<meta property=\"article:modified_time\" content=\"2017-10-12T12:31:27+00:00\" \/>\n<meta name=\"twitter:card\" content=\"summary_large_image\" \/>\n<meta name=\"twitter:label1\" content=\"Gesch\u00e4tzte Lesezeit\" \/>\n\t<meta name=\"twitter:data1\" content=\"1\u00a0Minute\" \/>\n<script type=\"application\/ld+json\" class=\"yoast-schema-graph\">{\"@context\":\"https:\/\/schema.org\",\"@graph\":[{\"@type\":\"WebPage\",\"@id\":\"https:\/\/www.brennerei-feller.de\/shop\/bestellvorgang\/\",\"url\":\"https:\/\/www.brennerei-feller.de\/shop\/bestellvorgang\/\",\"name\":\"Bestellvorgang | Brennerei Feller\",\"isPartOf\":{\"@id\":\"https:\/\/www.brennerei-feller.de\/shop\/#website\"},\"datePublished\":\"2017-10-12T11:02:13+00:00\",\"dateModified\":\"2017-10-12T12:31:27+00:00\",\"breadcrumb\":{\"@id\":\"https:\/\/www.brennerei-feller.de\/shop\/bestellvorgang\/#breadcrumb\"},\"inLanguage\":\"de\",\"potentialAction\":[{\"@type\":\"ReadAction\",\"target\":[\"https:\/\/www.brennerei-feller.de\/shop\/bestellvorgang\/\"]}]},{\"@type\":\"BreadcrumbList\",\"@id\":\"https:\/\/www.brennerei-feller.de\/shop\/bestellvorgang\/#breadcrumb\",\"itemListElement\":[{\"@type\":\"ListItem\",\"position\":1,\"name\":\"Startseite\",\"item\":\"https:\/\/www.brennerei-feller.de\/shop\/\"},{\"@type\":\"ListItem\",\"position\":2,\"name\":\"Bestellvorgang\"}]},{\"@type\":\"WebSite\",\"@id\":\"https:\/\/www.brennerei-feller.de\/shop\/#website\",\"url\":\"https:\/\/www.brennerei-feller.de\/shop\/\",\"name\":\"Brennerei Feller\",\"description\":\"Shop\",\"publisher\":{\"@id\":\"https:\/\/www.brennerei-feller.de\/shop\/#organization\"},\"potentialAction\":[{\"@type\":\"SearchAction\",\"target\":{\"@type\":\"EntryPoint\",\"urlTemplate\":\"https:\/\/www.brennerei-feller.de\/shop\/?s={search_term_string}\"},\"query-input\":{\"@type\":\"PropertyValueSpecification\",\"valueRequired\":true,\"valueName\":\"search_term_string\"}}],\"inLanguage\":\"de\"},{\"@type\":\"Organization\",\"@id\":\"https:\/\/www.brennerei-feller.de\/shop\/#organization\",\"name\":\"Brennerei Feller\",\"url\":\"https:\/\/www.brennerei-feller.de\/shop\/\",\"logo\":{\"@type\":\"ImageObject\",\"inLanguage\":\"de\",\"@id\":\"https:\/\/www.brennerei-feller.de\/shop\/#\/schema\/logo\/image\/\",\"url\":\"https:\/\/www.brennerei-feller.de\/shop\/wp-content\/uploads\/2017\/10\/logo_feller_mail.jpg\",\"contentUrl\":\"https:\/\/www.brennerei-feller.de\/shop\/wp-content\/uploads\/2017\/10\/logo_feller_mail.jpg\",\"width\":142,\"height\":85,\"caption\":\"Brennerei Feller\"},\"image\":{\"@id\":\"https:\/\/www.brennerei-feller.de\/shop\/#\/schema\/logo\/image\/\"}}]}<\/script>\n<!-- \/ Yoast SEO plugin. -->","yoast_head_json":{"title":"Bestellvorgang | Brennerei Feller","robots":{"index":"index","follow":"follow","max-snippet":"max-snippet:-1","max-image-preview":"max-image-preview:large","max-video-preview":"max-video-preview:-1"},"canonical":"https:\/\/www.brennerei-feller.de\/shop\/bestellvorgang\/","og_locale":"de_DE","og_type":"article","og_title":"Bestellvorgang | Brennerei Feller","og_description":"1. Warenkorb W\u00e4hlen Sie die Produkte aus, die Sie bestellen m\u00f6chten, indem Sie den \u201cIn den Warenkorb\u201d Button anklicken. Dadurch wird Ihre Auswahl in den Warenkorb gelegt. Sie k\u00f6nnen diese Auswahl bis zum Absenden Ihrer Bestellung jederzeit \u00e4ndern, in dem Sie die Anzahl der Produkte \u00e4ndern, durch Anklicken des K\u00e4stchens \u201cEntfernen\u201d die Auswahl l\u00f6schen oder [&hellip;]","og_url":"https:\/\/www.brennerei-feller.de\/shop\/bestellvorgang\/","og_site_name":"Brennerei Feller","article_modified_time":"2017-10-12T12:31:27+00:00","twitter_card":"summary_large_image","twitter_misc":{"Gesch\u00e4tzte Lesezeit":"1\u00a0Minute"},"schema":{"@context":"https:\/\/schema.org","@graph":[{"@type":"WebPage","@id":"https:\/\/www.brennerei-feller.de\/shop\/bestellvorgang\/","url":"https:\/\/www.brennerei-feller.de\/shop\/bestellvorgang\/","name":"Bestellvorgang | Brennerei Feller","isPartOf":{"@id":"https:\/\/www.brennerei-feller.de\/shop\/#website"},"datePublished":"2017-10-12T11:02:13+00:00","dateModified":"2017-10-12T12:31:27+00:00","breadcrumb":{"@id":"https:\/\/www.brennerei-feller.de\/shop\/bestellvorgang\/#breadcrumb"},"inLanguage":"de","potentialAction":[{"@type":"ReadAction","target":["https:\/\/www.brennerei-feller.de\/shop\/bestellvorgang\/"]}]},{"@type":"BreadcrumbList","@id":"https:\/\/www.brennerei-feller.de\/shop\/bestellvorgang\/#breadcrumb","itemListElement":[{"@type":"ListItem","position":1,"name":"Startseite","item":"https:\/\/www.brennerei-feller.de\/shop\/"},{"@type":"ListItem","position":2,"name":"Bestellvorgang"}]},{"@type":"WebSite","@id":"https:\/\/www.brennerei-feller.de\/shop\/#website","url":"https:\/\/www.brennerei-feller.de\/shop\/","name":"Brennerei Feller","description":"Shop","publisher":{"@id":"https:\/\/www.brennerei-feller.de\/shop\/#organization"},"potentialAction":[{"@type":"SearchAction","target":{"@type":"EntryPoint","urlTemplate":"https:\/\/www.brennerei-feller.de\/shop\/?s={search_term_string}"},"query-input":{"@type":"PropertyValueSpecification","valueRequired":true,"valueName":"search_term_string"}}],"inLanguage":"de"},{"@type":"Organization","@id":"https:\/\/www.brennerei-feller.de\/shop\/#organization","name":"Brennerei Feller","url":"https:\/\/www.brennerei-feller.de\/shop\/","logo":{"@type":"ImageObject","inLanguage":"de","@id":"https:\/\/www.brennerei-feller.de\/shop\/#\/schema\/logo\/image\/","url":"https:\/\/www.brennerei-feller.de\/shop\/wp-content\/uploads\/2017\/10\/logo_feller_mail.jpg","contentUrl":"https:\/\/www.brennerei-feller.de\/shop\/wp-content\/uploads\/2017\/10\/logo_feller_mail.jpg","width":142,"height":85,"caption":"Brennerei Feller"},"image":{"@id":"https:\/\/www.brennerei-feller.de\/shop\/#\/schema\/logo\/image\/"}}]}},"_links":{"self":[{"href":"https:\/\/www.brennerei-feller.de\/shop\/wp-json\/wp\/v2\/pages\/445","targetHints":{"allow":["GET"]}}],"collection":[{"href":"https:\/\/www.brennerei-feller.de\/shop\/wp-json\/wp\/v2\/pages"}],"about":[{"href":"https:\/\/www.brennerei-feller.de\/shop\/wp-json\/wp\/v2\/types\/page"}],"author":[{"embeddable":true,"href":"https:\/\/www.brennerei-feller.de\/shop\/wp-json\/wp\/v2\/users\/1"}],"replies":[{"embeddable":true,"href":"https:\/\/www.brennerei-feller.de\/shop\/wp-json\/wp\/v2\/comments?post=445"}],"version-history":[{"count":2,"href":"https:\/\/www.brennerei-feller.de\/shop\/wp-json\/wp\/v2\/pages\/445\/revisions"}],"predecessor-version":[{"id":450,"href":"https:\/\/www.brennerei-feller.de\/shop\/wp-json\/wp\/v2\/pages\/445\/revisions\/450"}],"wp:attachment":[{"href":"https:\/\/www.brennerei-feller.de\/shop\/wp-json\/wp\/v2\/media?parent=445"}],"curies":[{"name":"wp","href":"https:\/\/api.w.org\/{rel}","templated":true}]}}