{"id":42,"date":"2017-10-09T16:17:39","date_gmt":"2017-10-09T14:17:39","guid":{"rendered":"http:\/\/www.brennerei-feller.de\/shop\/agb\/"},"modified":"2021-05-31T11:56:47","modified_gmt":"2021-05-31T09:56:47","slug":"agb","status":"publish","type":"page","link":"https:\/\/www.brennerei-feller.de\/shop\/agb\/","title":{"rendered":"AGB"},"content":{"rendered":"<p>Allgemeine Gesch\u00e4ftsbedingungen<\/p>\n<p>Brennerei Feller KG<br \/>\nZiegelstr. 4 | 89165 Dietenheim<br \/>\nTel. 07347-7548<br \/>\ninfo@brennerei-feller.de<br \/>\ngesetzlich vertreten durch Herrn Roland Feller<\/p>\n<p>Pr\u00e4ambel<br \/>\nDie Brennerei Feller betreibt zu gewerblichen Zwecken unter der Domain www.brennerei-feller.de eine Homepage und bietet Kunden auf diesen Websites Produkte, haupts\u00e4chliche Destillate, zum Kauf \u00fcber das Internet an.<\/p>\n<p>\u00a7 1 Produktauswahl<br \/>\nDer Kunde hat die M\u00f6glichkeit, auf der oben genannten Website Produkte auszuw\u00e4hlen und zu bestellen. Hinsichtlich jedes Produkts erh\u00e4lt der Kunde eine gesonderte Produktbeschreibung. Der Kunde kann die von ihm gew\u00fcnschte Produkte in einem virtuellen Warenkorb sammeln und erh\u00e4lt zum Ende seines Einkaufs eine Zusammenstellung der Produkte zum Gesamtendpreis inklusive Mehrwertsteuer. Vor Versendung der Bestellung erm\u00f6glicht die Brennerei Feller dem Kunden, die Bestellung auf ihre inhaltliche Richtigkeit, insbesondere auf Preise und Menge zu \u00fcberpr\u00fcfen und gegebenenfalls korrigieren.<\/p>\n<p>\u00a7 2 R\u00fcckgabebelehrung<br \/>\nR\u00fcckgaberecht<br \/>\nSie k\u00f6nnen die erhaltene Ware ohne Angabe von Gr\u00fcnden innerhalb von 14 Tagen durch R\u00fccksendung der Ware zur\u00fcckgeben. Die Frist beginnt nach Erhalt Eingang der Ware. Zur Warung der Frist gen\u00fcgt die rechtzeitige Absendung der Ware. In jedem Falle erfolgt die R\u00fccksendung auf unsere Kosten und Gefahr. Die R\u00fccksendung hat zu erfolgen an die oben genannte Adresse.<br \/>\nR\u00fcckgabefolgen<br \/>\nIm Falle einer wirksamen R\u00fcckgabe sind beiderseits empfangene Leistungen zur\u00fcckzugew\u00e4hren unf ggf. gezogene Nutzungen herauszugeben. Bei einer Verschlechterung der Ware kann Wertersatz verlangt werden. Im \u00dcbrigen k\u00f6nnen Sie die Ware nicht wie Ihr Eigentum in Gebrauch nehmen und alles unterlassen, was deren Wert beeintr\u00e4chtigt. Verpflichtungen zur Erstattung von Zahlungen m\u00fcssen innerhalb von 30 Tagen erf\u00fcllt werden. Die Frist beginnt f\u00fcr Sie mit der Absendung der Ware, f\u00fcr uns mit dem Empfang.<\/p>\n<p>\u00a7 3 Preise<br \/>\nEs gelten die Listenpreise im Zeitpunkt der Bestellung, wie sie auf den Internetseiten dargestellt wurden. Die Preise verstehen sich ab Betriebssitz der Brennerei Feller inklusive MwSt. ohne Kosten f\u00fcr Verpackung und Versand.<\/p>\n<p>\u00a7 4 Vertragsschluss<br \/>\nDie Angebote der Brennerei Feller auf der Website sind freibleibend. Damit ist die Brennerei Feller im Falle der Nichtverf\u00fcgbarkeit nicht zur Leistung verpflichtet. Ein Vertragsabschluss und damit eine vertragliche Bindung \u00fcber die einzelnen Leistungen kommt jedoch dann zustande, sofern die Brennerei Feller die Bestellung des Kunden in Textform best\u00e4tigt hat.<br \/>\nDie Brennerei Feller ist berechtigt, eine in Qualit\u00e4t und Preis gleichwertige Ware zu liefern, wenn die bestellte Ware nicht verf\u00fcgbar ist und der Kunde seine Zustimmung zu diesem Verfahren erkl\u00e4rt hat. Ist der Kunde mit dieser Ware nichteinverstanden, so kann er nach seiner Wahl Nacherf\u00fcllung, Schadensersatz oder Ersatz vergeblicher Aufwendungen verlangen, mindern oder vom Vertrag zur\u00fccktreten.<\/p>\n<p>\u00a7 5 Durchf\u00fchrung des Vertrags<br \/>\n<strong>Bearbeitung der Bestellung<\/strong><br \/>\nDie Brennerei Feller wird Bestellungen innerhalb von 2-3 Werktagen bearbeiten.<br \/>\n<strong><br \/>\nAuslieferung<\/strong><br \/>\nSoweit die bestellten Produkte verf\u00fcgbar sind, wird die Brennerei Feller diese innerhalb von 10 Tagen nach Eingang des Geldes (Vorauskasse) ausliefern.<br \/>\nSollte das Paket wegen falscher Adressangabe an uns retourniert werden, behalten wir uns vor die Frachtkosten f\u00fcr die erneute Zustellung per Vorkasse in Rechnung stellen.<\/p>\n<p><strong>Versandkosten<\/strong><br \/>\nDie Versandkosten im Inland betragen pro versichertem Paket 6,90 \u20ac. Bei Versendungen ins Ausland werden Versandkosten in H\u00f6he der entstehenden Kosten berechnet.<\/p>\n<p>\u00a7 6 Zahlungsbedingungen<br \/>\nDie Brennerei Feller stellt dem Kunden f\u00fcr die bestellte Ware eine Rechnung aus, die ihm bei Lieferung der Ware ausgeh\u00e4ndigt wird. Die Brennerei Feller liefert gegen Vorkasse und Bezahlung per PayPal.<br \/>\nPayPal-Zahlungen sind auf info@brennerei-feller zu \u00fcberweisen.<br \/>\nVorkassebestellung sind auf folgendes Konto zu \u00fcberweisen:<br \/>\nInhaber: Feller KG<br \/>\nKTO 528 5370 08, BLZ 630 910 10<br \/>\nIBAN: DE17 6309 1010 0528 5370 08<br \/>\nBIC: GENODES1EHI<br \/>\nDonau-Iller-Bank eG<br \/>\nPreise auf der Rechnung sind stets Endkundenpreise inkl. MwSt.<\/p>\n<p>\u00a7 7 Gew\u00e4hrleistung und Haftung<br \/>\nM\u00e4ngel bez\u00fcglich des Produkts wird der Kunde der Brennerei Feller mitteilen und zus\u00e4tzlich das Produkt auf Kosten der Brennerei Feller \u00fcbersenden.<br \/>\nDie Gew\u00e4hrleistung des Anbieters richtet sich nach \u00a7\u00a7 433 ff. BGB. Im unternehmerischen Gesch\u00e4ftsverkehr ist die Gew\u00e4hrleistung auf ein Jahr begrenzt und die Brennerei Feller ist berechtigt, das Produkt nach ihrer Wahl zu repariern oder kostenfreien Ersatz zu stellen.<br \/>\nDie Brennerei Feller haftet<br \/>\n\u2013 in voller Schadensh\u00f6he bei grobem Verschulden ihrer Organe und leitenden Angestellten,<br \/>\n\u2013 dem Grunde nach bei jeder schuldhaften Verletzung wesentlicher Vertragspflichten,<br \/>\n\u2013 au\u00dferhalb solcher Pflichten dem Grunde nach auch f\u00fcr grobes Verschulden einfacher Erf\u00fcllungsgehilfen, es sei denn, die Brennerei Feller kann sich kraft Handelsbrauch davon freizeichnen,<br \/>\n\u2013 der H\u00f6he nach in den letzten Fallgruppen auf Ersatz des typischen vorhersehbaren Schadens.<br \/>\nEin Mitverschulden des Kunden ist diesem anzurechnen. Die Haftung wegen Vorsatz, Garantie, Arglist und f\u00fcr Personensch\u00e4den sowie nach dem Produkthaftungsgesetz bleibt hiervon unber\u00fchrt.<\/p>\n<p>\u00a7 8 H\u00f6here Gewalt<br \/>\nF\u00fcr den Fall, dass die Brennerei Feller die geschuldete Leistung aufgrund h\u00f6herer Gewalt (insbesondere Krieg, Naturkatastrophen) nicht erbringen kann, ist sie f\u00fcr die Dauer der Hinderung von ihren Leistungspflichten befreit. Ist der Brennerei Feller die Ausf\u00fchrung der Bestellung bzw. der Lieferung der Ware l\u00e4nger als einen Monat aufgrund h\u00f6herer Gewalt unm\u00f6glich, so ist der Kunde zum R\u00fccktritt vom Vertrag berechtigt.<\/p>\n<p>\u00a7 9 Datenschutz<br \/>\nDie Brennerei Feller wird s\u00e4mtliche datenschutzrechtliche Erfordernisse, insbesondere die Vorgaben des Telemediengesetzes, beachten.<\/p>\n<p>Stand: Juni 2010<\/p>\n<p>&nbsp;<\/p>\n<div class=\"woocommerce woocommerce-gzd woocommerce-gzd-complaints-shortcode\">\n\t\t\t<h3>Alternative Streitbeilegung gem\u00e4\u00df Art. 14 Abs. 1 ODR-VO und \u00a7 36 VSBG:<\/h3>\n\t\n<p>Die Europ\u00e4ische Kommission stellt eine Plattform zur Online-Streitbeilegung (OS) bereit, die du unter <a href=\"https:\/\/ec.europa.eu\/consumers\/odr\" target=\"_blank\">https:\/\/ec.europa.eu\/consumers\/odr<\/a> findest. Zur Teilnahme an einem Streitbeilegungsverfahren vor einer Verbraucherschlichtungsstelle sind wir nicht verpflichtet und nicht bereit.<\/p>\n<\/div>\n","protected":false},"excerpt":{"rendered":"<p>Allgemeine Gesch\u00e4ftsbedingungen Brennerei Feller KG Ziegelstr. 4 | 89165 Dietenheim Tel. 07347-7548 info@brennerei-feller.de gesetzlich vertreten durch Herrn Roland Feller Pr\u00e4ambel Die Brennerei Feller betreibt zu gewerblichen Zwecken unter der Domain www.brennerei-feller.de eine Homepage und bietet Kunden auf diesen Websites Produkte, haupts\u00e4chliche Destillate, zum Kauf \u00fcber das Internet an. \u00a7 1 Produktauswahl Der Kunde hat die [&hellip;]<\/p>\n","protected":false},"author":1,"featured_media":0,"parent":0,"menu_order":0,"comment_status":"closed","ping_status":"closed","template":"","meta":{"_et_pb_use_builder":"","_et_pb_old_content":"","_et_gb_content_width":"","footnotes":""},"class_list":["post-42","page","type-page","status-publish","hentry"],"yoast_head":"<!-- This site is optimized with the Yoast SEO plugin v25.1 - https:\/\/yoast.com\/wordpress\/plugins\/seo\/ -->\n<title>AGB | Brennerei Feller<\/title>\n<meta name=\"robots\" content=\"index, follow, max-snippet:-1, max-image-preview:large, max-video-preview:-1\" \/>\n<link rel=\"canonical\" href=\"https:\/\/www.brennerei-feller.de\/shop\/agb\/\" \/>\n<meta property=\"og:locale\" content=\"de_DE\" \/>\n<meta property=\"og:type\" content=\"article\" \/>\n<meta property=\"og:title\" content=\"AGB | Brennerei Feller\" \/>\n<meta property=\"og:description\" content=\"Allgemeine Gesch\u00e4ftsbedingungen Brennerei Feller KG Ziegelstr. 4 | 89165 Dietenheim Tel. 07347-7548 info@brennerei-feller.de gesetzlich vertreten durch Herrn Roland Feller Pr\u00e4ambel Die Brennerei Feller betreibt zu gewerblichen Zwecken unter der Domain www.brennerei-feller.de eine Homepage und bietet Kunden auf diesen Websites Produkte, haupts\u00e4chliche Destillate, zum Kauf \u00fcber das Internet an. \u00a7 1 Produktauswahl Der Kunde hat die [&hellip;]\" \/>\n<meta property=\"og:url\" content=\"https:\/\/www.brennerei-feller.de\/shop\/agb\/\" \/>\n<meta property=\"og:site_name\" content=\"Brennerei Feller\" \/>\n<meta property=\"article:modified_time\" content=\"2021-05-31T09:56:47+00:00\" \/>\n<meta name=\"twitter:card\" content=\"summary_large_image\" \/>\n<meta name=\"twitter:label1\" content=\"Gesch\u00e4tzte Lesezeit\" \/>\n\t<meta name=\"twitter:data1\" content=\"4\u00a0Minuten\" \/>\n<script type=\"application\/ld+json\" class=\"yoast-schema-graph\">{\"@context\":\"https:\/\/schema.org\",\"@graph\":[{\"@type\":\"WebPage\",\"@id\":\"https:\/\/www.brennerei-feller.de\/shop\/agb\/\",\"url\":\"https:\/\/www.brennerei-feller.de\/shop\/agb\/\",\"name\":\"AGB | Brennerei Feller\",\"isPartOf\":{\"@id\":\"https:\/\/www.brennerei-feller.de\/shop\/#website\"},\"datePublished\":\"2017-10-09T14:17:39+00:00\",\"dateModified\":\"2021-05-31T09:56:47+00:00\",\"breadcrumb\":{\"@id\":\"https:\/\/www.brennerei-feller.de\/shop\/agb\/#breadcrumb\"},\"inLanguage\":\"de\",\"potentialAction\":[{\"@type\":\"ReadAction\",\"target\":[\"https:\/\/www.brennerei-feller.de\/shop\/agb\/\"]}]},{\"@type\":\"BreadcrumbList\",\"@id\":\"https:\/\/www.brennerei-feller.de\/shop\/agb\/#breadcrumb\",\"itemListElement\":[{\"@type\":\"ListItem\",\"position\":1,\"name\":\"Startseite\",\"item\":\"https:\/\/www.brennerei-feller.de\/shop\/\"},{\"@type\":\"ListItem\",\"position\":2,\"name\":\"AGB\"}]},{\"@type\":\"WebSite\",\"@id\":\"https:\/\/www.brennerei-feller.de\/shop\/#website\",\"url\":\"https:\/\/www.brennerei-feller.de\/shop\/\",\"name\":\"Brennerei Feller\",\"description\":\"Shop\",\"publisher\":{\"@id\":\"https:\/\/www.brennerei-feller.de\/shop\/#organization\"},\"potentialAction\":[{\"@type\":\"SearchAction\",\"target\":{\"@type\":\"EntryPoint\",\"urlTemplate\":\"https:\/\/www.brennerei-feller.de\/shop\/?s={search_term_string}\"},\"query-input\":{\"@type\":\"PropertyValueSpecification\",\"valueRequired\":true,\"valueName\":\"search_term_string\"}}],\"inLanguage\":\"de\"},{\"@type\":\"Organization\",\"@id\":\"https:\/\/www.brennerei-feller.de\/shop\/#organization\",\"name\":\"Brennerei Feller\",\"url\":\"https:\/\/www.brennerei-feller.de\/shop\/\",\"logo\":{\"@type\":\"ImageObject\",\"inLanguage\":\"de\",\"@id\":\"https:\/\/www.brennerei-feller.de\/shop\/#\/schema\/logo\/image\/\",\"url\":\"https:\/\/www.brennerei-feller.de\/shop\/wp-content\/uploads\/2017\/10\/logo_feller_mail.jpg\",\"contentUrl\":\"https:\/\/www.brennerei-feller.de\/shop\/wp-content\/uploads\/2017\/10\/logo_feller_mail.jpg\",\"width\":142,\"height\":85,\"caption\":\"Brennerei Feller\"},\"image\":{\"@id\":\"https:\/\/www.brennerei-feller.de\/shop\/#\/schema\/logo\/image\/\"}}]}<\/script>\n<!-- \/ Yoast SEO plugin. -->","yoast_head_json":{"title":"AGB | Brennerei Feller","robots":{"index":"index","follow":"follow","max-snippet":"max-snippet:-1","max-image-preview":"max-image-preview:large","max-video-preview":"max-video-preview:-1"},"canonical":"https:\/\/www.brennerei-feller.de\/shop\/agb\/","og_locale":"de_DE","og_type":"article","og_title":"AGB | Brennerei Feller","og_description":"Allgemeine Gesch\u00e4ftsbedingungen Brennerei Feller KG Ziegelstr. 4 | 89165 Dietenheim Tel. 07347-7548 info@brennerei-feller.de gesetzlich vertreten durch Herrn Roland Feller Pr\u00e4ambel Die Brennerei Feller betreibt zu gewerblichen Zwecken unter der Domain www.brennerei-feller.de eine Homepage und bietet Kunden auf diesen Websites Produkte, haupts\u00e4chliche Destillate, zum Kauf \u00fcber das Internet an. \u00a7 1 Produktauswahl Der Kunde hat die [&hellip;]","og_url":"https:\/\/www.brennerei-feller.de\/shop\/agb\/","og_site_name":"Brennerei Feller","article_modified_time":"2021-05-31T09:56:47+00:00","twitter_card":"summary_large_image","twitter_misc":{"Gesch\u00e4tzte Lesezeit":"4\u00a0Minuten"},"schema":{"@context":"https:\/\/schema.org","@graph":[{"@type":"WebPage","@id":"https:\/\/www.brennerei-feller.de\/shop\/agb\/","url":"https:\/\/www.brennerei-feller.de\/shop\/agb\/","name":"AGB | Brennerei Feller","isPartOf":{"@id":"https:\/\/www.brennerei-feller.de\/shop\/#website"},"datePublished":"2017-10-09T14:17:39+00:00","dateModified":"2021-05-31T09:56:47+00:00","breadcrumb":{"@id":"https:\/\/www.brennerei-feller.de\/shop\/agb\/#breadcrumb"},"inLanguage":"de","potentialAction":[{"@type":"ReadAction","target":["https:\/\/www.brennerei-feller.de\/shop\/agb\/"]}]},{"@type":"BreadcrumbList","@id":"https:\/\/www.brennerei-feller.de\/shop\/agb\/#breadcrumb","itemListElement":[{"@type":"ListItem","position":1,"name":"Startseite","item":"https:\/\/www.brennerei-feller.de\/shop\/"},{"@type":"ListItem","position":2,"name":"AGB"}]},{"@type":"WebSite","@id":"https:\/\/www.brennerei-feller.de\/shop\/#website","url":"https:\/\/www.brennerei-feller.de\/shop\/","name":"Brennerei Feller","description":"Shop","publisher":{"@id":"https:\/\/www.brennerei-feller.de\/shop\/#organization"},"potentialAction":[{"@type":"SearchAction","target":{"@type":"EntryPoint","urlTemplate":"https:\/\/www.brennerei-feller.de\/shop\/?s={search_term_string}"},"query-input":{"@type":"PropertyValueSpecification","valueRequired":true,"valueName":"search_term_string"}}],"inLanguage":"de"},{"@type":"Organization","@id":"https:\/\/www.brennerei-feller.de\/shop\/#organization","name":"Brennerei Feller","url":"https:\/\/www.brennerei-feller.de\/shop\/","logo":{"@type":"ImageObject","inLanguage":"de","@id":"https:\/\/www.brennerei-feller.de\/shop\/#\/schema\/logo\/image\/","url":"https:\/\/www.brennerei-feller.de\/shop\/wp-content\/uploads\/2017\/10\/logo_feller_mail.jpg","contentUrl":"https:\/\/www.brennerei-feller.de\/shop\/wp-content\/uploads\/2017\/10\/logo_feller_mail.jpg","width":142,"height":85,"caption":"Brennerei Feller"},"image":{"@id":"https:\/\/www.brennerei-feller.de\/shop\/#\/schema\/logo\/image\/"}}]}},"_links":{"self":[{"href":"https:\/\/www.brennerei-feller.de\/shop\/wp-json\/wp\/v2\/pages\/42","targetHints":{"allow":["GET"]}}],"collection":[{"href":"https:\/\/www.brennerei-feller.de\/shop\/wp-json\/wp\/v2\/pages"}],"about":[{"href":"https:\/\/www.brennerei-feller.de\/shop\/wp-json\/wp\/v2\/types\/page"}],"author":[{"embeddable":true,"href":"https:\/\/www.brennerei-feller.de\/shop\/wp-json\/wp\/v2\/users\/1"}],"replies":[{"embeddable":true,"href":"https:\/\/www.brennerei-feller.de\/shop\/wp-json\/wp\/v2\/comments?post=42"}],"version-history":[{"count":4,"href":"https:\/\/www.brennerei-feller.de\/shop\/wp-json\/wp\/v2\/pages\/42\/revisions"}],"predecessor-version":[{"id":3476,"href":"https:\/\/www.brennerei-feller.de\/shop\/wp-json\/wp\/v2\/pages\/42\/revisions\/3476"}],"wp:attachment":[{"href":"https:\/\/www.brennerei-feller.de\/shop\/wp-json\/wp\/v2\/media?parent=42"}],"curies":[{"name":"wp","href":"https:\/\/api.w.org\/{rel}","templated":true}]}}