{"id":37,"date":"2017-10-09T16:07:50","date_gmt":"2017-10-09T14:07:50","guid":{"rendered":"http:\/\/www.brennerei-feller.de\/shop\/warenkorb\/"},"modified":"2025-10-17T17:25:24","modified_gmt":"2025-10-17T15:25:24","slug":"warenkorb","status":"publish","type":"page","link":"https:\/\/www.brennerei-feller.de\/shop\/warenkorb\/","title":{"rendered":"Warenkorb"},"content":{"rendered":"<p>[et_pb_section fb_built=&#8220;1&#8243; _builder_version=&#8220;4.16&#8243; global_colors_info=&#8220;{}&#8220;][et_pb_row _builder_version=&#8220;4.16&#8243; background_size=&#8220;initial&#8220; background_position=&#8220;top_left&#8220; background_repeat=&#8220;repeat&#8220; global_colors_info=&#8220;{}&#8220;][et_pb_column type=&#8220;4_4&#8243; _builder_version=&#8220;4.16&#8243; custom_padding=&#8220;|||&#8220; global_colors_info=&#8220;{}&#8220; custom_padding__hover=&#8220;|||&#8220;][et_pb_post_title meta=&#8220;off&#8220; featured_image=&#8220;off&#8220; _builder_version=&#8220;4.16&#8243; global_colors_info=&#8220;{}&#8220;][\/et_pb_post_title][et_pb_wc_cart_notice _builder_version=&#8220;4.16&#8243; global_colors_info=&#8220;{}&#8220;][\/et_pb_wc_cart_notice][et_pb_wc_cart_products _builder_version=&#8220;4.16&#8243; global_colors_info=&#8220;{}&#8220;][\/et_pb_wc_cart_products][\/et_pb_column][\/et_pb_row][et_pb_row column_structure=&#8220;1_2,1_2&#8243; _builder_version=&#8220;4.16&#8243; background_size=&#8220;initial&#8220; background_position=&#8220;top_left&#8220; background_repeat=&#8220;repeat&#8220; global_colors_info=&#8220;{}&#8220;][et_pb_column type=&#8220;1_2&#8243; _builder_version=&#8220;4.16&#8243; custom_padding=&#8220;|||&#8220; global_colors_info=&#8220;{}&#8220; custom_padding__hover=&#8220;|||&#8220;][et_pb_wc_cross_sells _builder_version=&#8220;4.27.4&#8243; hover_enabled=&#8220;0&#8243; global_colors_info=&#8220;{}&#8220; sticky_enabled=&#8220;0&#8243; admin_label=&#8220;Woo-Cross-Sells&#8220;][\/et_pb_wc_cross_sells][\/et_pb_column][et_pb_column type=&#8220;1_2&#8243; _builder_version=&#8220;4.16&#8243; custom_padding=&#8220;|||&#8220; global_colors_info=&#8220;{}&#8220; custom_padding__hover=&#8220;|||&#8220;][et_pb_wc_cart_totals _builder_version=&#8220;4.16&#8243; global_colors_info=&#8220;{}&#8220;][\/et_pb_wc_cart_totals][\/et_pb_column][\/et_pb_row][\/et_pb_section]<\/p>\n","protected":false},"excerpt":{"rendered":"","protected":false},"author":1,"featured_media":0,"parent":0,"menu_order":0,"comment_status":"closed","ping_status":"closed","template":"","meta":{"_et_pb_use_builder":"on","_et_pb_old_content":"<p>[woocommerce_cart]<\/p>","_et_gb_content_width":"","footnotes":""},"class_list":["post-37","page","type-page","status-publish","hentry"],"yoast_head":"<!-- This site is optimized with the Yoast SEO plugin v25.1 - https:\/\/yoast.com\/wordpress\/plugins\/seo\/ -->\n<title>Warenkorb | Brennerei Feller<\/title>\n<meta name=\"description\" content=\"Ihr Warenkorb im Shop der Brennerei Feller. Entdecken Sie unsere vielf\u00e4ltiges Sortiment an Br\u00e4nden, Lik\u00f6ren, Whisky, Rum, Gin und Gutscheinen.\" \/>\n<meta name=\"robots\" content=\"index, follow, max-snippet:-1, max-image-preview:large, max-video-preview:-1\" \/>\n<link rel=\"canonical\" href=\"https:\/\/www.brennerei-feller.de\/shop\/warenkorb\/\" \/>\n<meta property=\"og:locale\" content=\"de_DE\" \/>\n<meta property=\"og:type\" content=\"article\" \/>\n<meta property=\"og:title\" content=\"Warenkorb | Brennerei Feller\" \/>\n<meta property=\"og:description\" content=\"Ihr Warenkorb im Shop der Brennerei Feller. Entdecken Sie unsere vielf\u00e4ltiges Sortiment an Br\u00e4nden, Lik\u00f6ren, Whisky, Rum, Gin und Gutscheinen.\" \/>\n<meta property=\"og:url\" content=\"https:\/\/www.brennerei-feller.de\/shop\/warenkorb\/\" \/>\n<meta property=\"og:site_name\" content=\"Brennerei Feller\" \/>\n<meta property=\"article:modified_time\" content=\"2025-10-17T15:25:24+00:00\" \/>\n<meta name=\"twitter:card\" content=\"summary_large_image\" \/>\n<meta name=\"twitter:label1\" content=\"Gesch\u00e4tzte Lesezeit\" \/>\n\t<meta name=\"twitter:data1\" content=\"4\u00a0Minuten\" \/>\n<script type=\"application\/ld+json\" class=\"yoast-schema-graph\">{\"@context\":\"https:\/\/schema.org\",\"@graph\":[{\"@type\":\"WebPage\",\"@id\":\"https:\/\/www.brennerei-feller.de\/shop\/warenkorb\/\",\"url\":\"https:\/\/www.brennerei-feller.de\/shop\/warenkorb\/\",\"name\":\"Warenkorb | Brennerei Feller\",\"isPartOf\":{\"@id\":\"https:\/\/www.brennerei-feller.de\/shop\/#website\"},\"datePublished\":\"2017-10-09T14:07:50+00:00\",\"dateModified\":\"2025-10-17T15:25:24+00:00\",\"description\":\"Ihr Warenkorb im Shop der Brennerei Feller. Entdecken Sie unsere vielf\u00e4ltiges Sortiment an Br\u00e4nden, Lik\u00f6ren, Whisky, Rum, Gin und Gutscheinen.\",\"breadcrumb\":{\"@id\":\"https:\/\/www.brennerei-feller.de\/shop\/warenkorb\/#breadcrumb\"},\"inLanguage\":\"de\",\"potentialAction\":[{\"@type\":\"ReadAction\",\"target\":[\"https:\/\/www.brennerei-feller.de\/shop\/warenkorb\/\"]}]},{\"@type\":\"BreadcrumbList\",\"@id\":\"https:\/\/www.brennerei-feller.de\/shop\/warenkorb\/#breadcrumb\",\"itemListElement\":[{\"@type\":\"ListItem\",\"position\":1,\"name\":\"Startseite\",\"item\":\"https:\/\/www.brennerei-feller.de\/shop\/\"},{\"@type\":\"ListItem\",\"position\":2,\"name\":\"Warenkorb\"}]},{\"@type\":\"WebSite\",\"@id\":\"https:\/\/www.brennerei-feller.de\/shop\/#website\",\"url\":\"https:\/\/www.brennerei-feller.de\/shop\/\",\"name\":\"Brennerei Feller\",\"description\":\"Shop\",\"publisher\":{\"@id\":\"https:\/\/www.brennerei-feller.de\/shop\/#organization\"},\"potentialAction\":[{\"@type\":\"SearchAction\",\"target\":{\"@type\":\"EntryPoint\",\"urlTemplate\":\"https:\/\/www.brennerei-feller.de\/shop\/?s={search_term_string}\"},\"query-input\":{\"@type\":\"PropertyValueSpecification\",\"valueRequired\":true,\"valueName\":\"search_term_string\"}}],\"inLanguage\":\"de\"},{\"@type\":\"Organization\",\"@id\":\"https:\/\/www.brennerei-feller.de\/shop\/#organization\",\"name\":\"Brennerei Feller\",\"url\":\"https:\/\/www.brennerei-feller.de\/shop\/\",\"logo\":{\"@type\":\"ImageObject\",\"inLanguage\":\"de\",\"@id\":\"https:\/\/www.brennerei-feller.de\/shop\/#\/schema\/logo\/image\/\",\"url\":\"https:\/\/www.brennerei-feller.de\/shop\/wp-content\/uploads\/2017\/10\/logo_feller_mail.jpg\",\"contentUrl\":\"https:\/\/www.brennerei-feller.de\/shop\/wp-content\/uploads\/2017\/10\/logo_feller_mail.jpg\",\"width\":142,\"height\":85,\"caption\":\"Brennerei Feller\"},\"image\":{\"@id\":\"https:\/\/www.brennerei-feller.de\/shop\/#\/schema\/logo\/image\/\"}}]}<\/script>\n<!-- \/ Yoast SEO plugin. -->","yoast_head_json":{"title":"Warenkorb | Brennerei Feller","description":"Ihr Warenkorb im Shop der Brennerei Feller. Entdecken Sie unsere vielf\u00e4ltiges Sortiment an Br\u00e4nden, Lik\u00f6ren, Whisky, Rum, Gin und Gutscheinen.","robots":{"index":"index","follow":"follow","max-snippet":"max-snippet:-1","max-image-preview":"max-image-preview:large","max-video-preview":"max-video-preview:-1"},"canonical":"https:\/\/www.brennerei-feller.de\/shop\/warenkorb\/","og_locale":"de_DE","og_type":"article","og_title":"Warenkorb | Brennerei Feller","og_description":"Ihr Warenkorb im Shop der Brennerei Feller. Entdecken Sie unsere vielf\u00e4ltiges Sortiment an Br\u00e4nden, Lik\u00f6ren, Whisky, Rum, Gin und Gutscheinen.","og_url":"https:\/\/www.brennerei-feller.de\/shop\/warenkorb\/","og_site_name":"Brennerei Feller","article_modified_time":"2025-10-17T15:25:24+00:00","twitter_card":"summary_large_image","twitter_misc":{"Gesch\u00e4tzte Lesezeit":"4\u00a0Minuten"},"schema":{"@context":"https:\/\/schema.org","@graph":[{"@type":"WebPage","@id":"https:\/\/www.brennerei-feller.de\/shop\/warenkorb\/","url":"https:\/\/www.brennerei-feller.de\/shop\/warenkorb\/","name":"Warenkorb | Brennerei Feller","isPartOf":{"@id":"https:\/\/www.brennerei-feller.de\/shop\/#website"},"datePublished":"2017-10-09T14:07:50+00:00","dateModified":"2025-10-17T15:25:24+00:00","description":"Ihr Warenkorb im Shop der Brennerei Feller. Entdecken Sie unsere vielf\u00e4ltiges Sortiment an Br\u00e4nden, Lik\u00f6ren, Whisky, Rum, Gin und Gutscheinen.","breadcrumb":{"@id":"https:\/\/www.brennerei-feller.de\/shop\/warenkorb\/#breadcrumb"},"inLanguage":"de","potentialAction":[{"@type":"ReadAction","target":["https:\/\/www.brennerei-feller.de\/shop\/warenkorb\/"]}]},{"@type":"BreadcrumbList","@id":"https:\/\/www.brennerei-feller.de\/shop\/warenkorb\/#breadcrumb","itemListElement":[{"@type":"ListItem","position":1,"name":"Startseite","item":"https:\/\/www.brennerei-feller.de\/shop\/"},{"@type":"ListItem","position":2,"name":"Warenkorb"}]},{"@type":"WebSite","@id":"https:\/\/www.brennerei-feller.de\/shop\/#website","url":"https:\/\/www.brennerei-feller.de\/shop\/","name":"Brennerei Feller","description":"Shop","publisher":{"@id":"https:\/\/www.brennerei-feller.de\/shop\/#organization"},"potentialAction":[{"@type":"SearchAction","target":{"@type":"EntryPoint","urlTemplate":"https:\/\/www.brennerei-feller.de\/shop\/?s={search_term_string}"},"query-input":{"@type":"PropertyValueSpecification","valueRequired":true,"valueName":"search_term_string"}}],"inLanguage":"de"},{"@type":"Organization","@id":"https:\/\/www.brennerei-feller.de\/shop\/#organization","name":"Brennerei Feller","url":"https:\/\/www.brennerei-feller.de\/shop\/","logo":{"@type":"ImageObject","inLanguage":"de","@id":"https:\/\/www.brennerei-feller.de\/shop\/#\/schema\/logo\/image\/","url":"https:\/\/www.brennerei-feller.de\/shop\/wp-content\/uploads\/2017\/10\/logo_feller_mail.jpg","contentUrl":"https:\/\/www.brennerei-feller.de\/shop\/wp-content\/uploads\/2017\/10\/logo_feller_mail.jpg","width":142,"height":85,"caption":"Brennerei Feller"},"image":{"@id":"https:\/\/www.brennerei-feller.de\/shop\/#\/schema\/logo\/image\/"}}]}},"_links":{"self":[{"href":"https:\/\/www.brennerei-feller.de\/shop\/wp-json\/wp\/v2\/pages\/37","targetHints":{"allow":["GET"]}}],"collection":[{"href":"https:\/\/www.brennerei-feller.de\/shop\/wp-json\/wp\/v2\/pages"}],"about":[{"href":"https:\/\/www.brennerei-feller.de\/shop\/wp-json\/wp\/v2\/types\/page"}],"author":[{"embeddable":true,"href":"https:\/\/www.brennerei-feller.de\/shop\/wp-json\/wp\/v2\/users\/1"}],"replies":[{"embeddable":true,"href":"https:\/\/www.brennerei-feller.de\/shop\/wp-json\/wp\/v2\/comments?post=37"}],"version-history":[{"count":4,"href":"https:\/\/www.brennerei-feller.de\/shop\/wp-json\/wp\/v2\/pages\/37\/revisions"}],"predecessor-version":[{"id":105645,"href":"https:\/\/www.brennerei-feller.de\/shop\/wp-json\/wp\/v2\/pages\/37\/revisions\/105645"}],"wp:attachment":[{"href":"https:\/\/www.brennerei-feller.de\/shop\/wp-json\/wp\/v2\/media?parent=37"}],"curies":[{"name":"wp","href":"https:\/\/api.w.org\/{rel}","templated":true}]}}